{"id":2171,"date":"2024-12-13T14:24:23","date_gmt":"2024-12-13T14:24:23","guid":{"rendered":"https:\/\/www.gruppohausbrandt.it\/certificazioni\/"},"modified":"2025-06-18T10:22:51","modified_gmt":"2025-06-18T10:22:51","slug":"zertifizierungen","status":"publish","type":"page","link":"https:\/\/www.gruppohausbrandt.it\/de\/zertifizierungen\/","title":{"rendered":"Zertifizierungen"},"content":{"rendered":"","protected":false},"excerpt":{"rendered":"","protected":false},"author":1,"featured_media":0,"parent":0,"menu_order":0,"comment_status":"closed","ping_status":"closed","template":"templates\/certificazioni.php","meta":{"_acf_changed":false,"_seopress_robots_primary_cat":"","_seopress_titles_title":"Zertifizierungen der Hausbrandt-Gruppe: Garantierte Qualit\u00e4t","_seopress_titles_desc":"Entdecken Sie die Zertifizierungen der Hausbrandt-Gruppe, die Qualit\u00e4t und Sicherheit garantieren. Erfahren Sie mehr \u00fcber unsere Referenzen.","_seopress_robots_index":"","footnotes":""},"class_list":["post-2171","page","type-page","status-publish","hentry"],"acf":[],"_links":{"self":[{"href":"https:\/\/www.gruppohausbrandt.it\/de\/wp-json\/wp\/v2\/pages\/2171","targetHints":{"allow":["GET"]}}],"collection":[{"href":"https:\/\/www.gruppohausbrandt.it\/de\/wp-json\/wp\/v2\/pages"}],"about":[{"href":"https:\/\/www.gruppohausbrandt.it\/de\/wp-json\/wp\/v2\/types\/page"}],"author":[{"embeddable":true,"href":"https:\/\/www.gruppohausbrandt.it\/de\/wp-json\/wp\/v2\/users\/1"}],"replies":[{"embeddable":true,"href":"https:\/\/www.gruppohausbrandt.it\/de\/wp-json\/wp\/v2\/comments?post=2171"}],"version-history":[{"count":4,"href":"https:\/\/www.gruppohausbrandt.it\/de\/wp-json\/wp\/v2\/pages\/2171\/revisions"}],"predecessor-version":[{"id":2802,"href":"https:\/\/www.gruppohausbrandt.it\/de\/wp-json\/wp\/v2\/pages\/2171\/revisions\/2802"}],"wp:attachment":[{"href":"https:\/\/www.gruppohausbrandt.it\/de\/wp-json\/wp\/v2\/media?parent=2171"}],"curies":[{"name":"wp","href":"https:\/\/api.w.org\/{rel}","templated":true}]}}