{"id":2179,"date":"2024-12-13T14:00:03","date_gmt":"2024-12-13T13:00:03","guid":{"rendered":"https:\/\/www.gruppohausbrandt.it\/esperienza\/"},"modified":"2026-03-06T11:32:23","modified_gmt":"2026-03-06T10:32:23","slug":"erfahrung","status":"publish","type":"page","link":"https:\/\/www.gruppohausbrandt.it\/de\/erfahrung\/","title":{"rendered":"Erfahrung"},"content":{"rendered":"","protected":false},"excerpt":{"rendered":"","protected":false},"author":1,"featured_media":2181,"parent":0,"menu_order":0,"comment_status":"closed","ping_status":"closed","template":"templates\/supporto.php","meta":{"_acf_changed":false,"_seopress_robots_primary_cat":"","_seopress_titles_title":"Kundenerfahrungen mit Hausbrandt-Gruppe entdecken","_seopress_titles_desc":"Entdecken Sie die Kompetenz der Hausbrandt-Gruppe: Innovative L\u00f6sungen und umfassende Erfahrungen. Optimale Unterst\u00fctzung f\u00fcr Ihr Wachstum.","_seopress_robots_index":"","footnotes":""},"class_list":["post-2179","page","type-page","status-publish","has-post-thumbnail","hentry"],"acf":[],"_links":{"self":[{"href":"https:\/\/www.gruppohausbrandt.it\/de\/wp-json\/wp\/v2\/pages\/2179","targetHints":{"allow":["GET"]}}],"collection":[{"href":"https:\/\/www.gruppohausbrandt.it\/de\/wp-json\/wp\/v2\/pages"}],"about":[{"href":"https:\/\/www.gruppohausbrandt.it\/de\/wp-json\/wp\/v2\/types\/page"}],"author":[{"embeddable":true,"href":"https:\/\/www.gruppohausbrandt.it\/de\/wp-json\/wp\/v2\/users\/1"}],"replies":[{"embeddable":true,"href":"https:\/\/www.gruppohausbrandt.it\/de\/wp-json\/wp\/v2\/comments?post=2179"}],"version-history":[{"count":11,"href":"https:\/\/www.gruppohausbrandt.it\/de\/wp-json\/wp\/v2\/pages\/2179\/revisions"}],"predecessor-version":[{"id":3116,"href":"https:\/\/www.gruppohausbrandt.it\/de\/wp-json\/wp\/v2\/pages\/2179\/revisions\/3116"}],"wp:featuredmedia":[{"embeddable":true,"href":"https:\/\/www.gruppohausbrandt.it\/de\/wp-json\/wp\/v2\/media\/2181"}],"wp:attachment":[{"href":"https:\/\/www.gruppohausbrandt.it\/de\/wp-json\/wp\/v2\/media?parent=2179"}],"curies":[{"name":"wp","href":"https:\/\/api.w.org\/{rel}","templated":true}]}}