{"id":2197,"date":"2024-12-13T14:15:09","date_gmt":"2024-12-13T14:15:09","guid":{"rendered":"https:\/\/www.gruppohausbrandt.it\/qualita-e-costanza\/"},"modified":"2025-06-18T10:20:35","modified_gmt":"2025-06-18T10:20:35","slug":"qualitaet-und-bestaendigkeit","status":"publish","type":"page","link":"https:\/\/www.gruppohausbrandt.it\/de\/qualitaet-und-bestaendigkeit\/","title":{"rendered":"Qualit\u00e4t und Best\u00e4ndigkeit"},"content":{"rendered":"","protected":false},"excerpt":{"rendered":"","protected":false},"author":1,"featured_media":2199,"parent":0,"menu_order":0,"comment_status":"closed","ping_status":"closed","template":"templates\/qualita-costanza.php","meta":{"_acf_changed":false,"_seopress_robots_primary_cat":"","_seopress_titles_title":"Qualit\u00e4t & Best\u00e4ndigkeit bei Hausbrandt-Gruppe erleben","_seopress_titles_desc":"Erleben Sie bei Hausbrandt-Gruppe h\u00f6chste Qualit\u00e4t und Best\u00e4ndigkeit in Kaffee und Innovation. Entdecken Sie unsere exklusive Auswahl!","_seopress_robots_index":"","footnotes":""},"class_list":["post-2197","page","type-page","status-publish","has-post-thumbnail","hentry"],"acf":[],"_links":{"self":[{"href":"https:\/\/www.gruppohausbrandt.it\/de\/wp-json\/wp\/v2\/pages\/2197","targetHints":{"allow":["GET"]}}],"collection":[{"href":"https:\/\/www.gruppohausbrandt.it\/de\/wp-json\/wp\/v2\/pages"}],"about":[{"href":"https:\/\/www.gruppohausbrandt.it\/de\/wp-json\/wp\/v2\/types\/page"}],"author":[{"embeddable":true,"href":"https:\/\/www.gruppohausbrandt.it\/de\/wp-json\/wp\/v2\/users\/1"}],"replies":[{"embeddable":true,"href":"https:\/\/www.gruppohausbrandt.it\/de\/wp-json\/wp\/v2\/comments?post=2197"}],"version-history":[{"count":5,"href":"https:\/\/www.gruppohausbrandt.it\/de\/wp-json\/wp\/v2\/pages\/2197\/revisions"}],"predecessor-version":[{"id":2799,"href":"https:\/\/www.gruppohausbrandt.it\/de\/wp-json\/wp\/v2\/pages\/2197\/revisions\/2799"}],"wp:featuredmedia":[{"embeddable":true,"href":"https:\/\/www.gruppohausbrandt.it\/de\/wp-json\/wp\/v2\/media\/2199"}],"wp:attachment":[{"href":"https:\/\/www.gruppohausbrandt.it\/de\/wp-json\/wp\/v2\/media?parent=2197"}],"curies":[{"name":"wp","href":"https:\/\/api.w.org\/{rel}","templated":true}]}}