{"id":2606,"date":"2024-12-13T09:38:56","date_gmt":"2024-12-13T08:38:56","guid":{"rendered":"https:\/\/www.gruppohausbrandt.it\/sostenibilita\/"},"modified":"2025-06-18T13:17:59","modified_gmt":"2025-06-18T13:17:59","slug":"nachhaltigkeit","status":"publish","type":"page","link":"https:\/\/www.gruppohausbrandt.it\/de\/nachhaltigkeit\/","title":{"rendered":"Nachhaltigkeit"},"content":{"rendered":"","protected":false},"excerpt":{"rendered":"","protected":false},"author":1,"featured_media":0,"parent":0,"menu_order":0,"comment_status":"closed","ping_status":"closed","template":"templates\/sostenibilita.php","meta":{"_acf_changed":false,"_seopress_robots_primary_cat":"","_seopress_titles_title":"Nachhaltigkeit: Die gr\u00fcne Zukunft der Hausbrandt-Gruppe","_seopress_titles_desc":"Entdecken Sie das Engagement der Hausbrandt-Gruppe f\u00fcr eine nachhaltige Zukunft und \u00f6kologische L\u00f6sungen.","_seopress_robots_index":"","footnotes":""},"class_list":["post-2606","page","type-page","status-publish","hentry"],"acf":[],"_links":{"self":[{"href":"https:\/\/www.gruppohausbrandt.it\/de\/wp-json\/wp\/v2\/pages\/2606","targetHints":{"allow":["GET"]}}],"collection":[{"href":"https:\/\/www.gruppohausbrandt.it\/de\/wp-json\/wp\/v2\/pages"}],"about":[{"href":"https:\/\/www.gruppohausbrandt.it\/de\/wp-json\/wp\/v2\/types\/page"}],"author":[{"embeddable":true,"href":"https:\/\/www.gruppohausbrandt.it\/de\/wp-json\/wp\/v2\/users\/1"}],"replies":[{"embeddable":true,"href":"https:\/\/www.gruppohausbrandt.it\/de\/wp-json\/wp\/v2\/comments?post=2606"}],"version-history":[{"count":6,"href":"https:\/\/www.gruppohausbrandt.it\/de\/wp-json\/wp\/v2\/pages\/2606\/revisions"}],"predecessor-version":[{"id":2809,"href":"https:\/\/www.gruppohausbrandt.it\/de\/wp-json\/wp\/v2\/pages\/2606\/revisions\/2809"}],"wp:attachment":[{"href":"https:\/\/www.gruppohausbrandt.it\/de\/wp-json\/wp\/v2\/media?parent=2606"}],"curies":[{"name":"wp","href":"https:\/\/api.w.org\/{rel}","templated":true}]}}