{"id":1713,"date":"2024-12-09T10:51:13","date_gmt":"2024-12-09T09:51:13","guid":{"rendered":"https:\/\/www.gruppohausbrandt.it\/chi-siamo\/"},"modified":"2025-06-25T15:30:41","modified_gmt":"2025-06-25T15:30:41","slug":"qui-sommes-nous","status":"publish","type":"page","link":"https:\/\/www.gruppohausbrandt.it\/fr\/qui-sommes-nous\/","title":{"rendered":"Qui sommes-nous"},"content":{"rendered":"","protected":false},"excerpt":{"rendered":"","protected":false},"author":1,"featured_media":1714,"parent":0,"menu_order":0,"comment_status":"closed","ping_status":"closed","template":"templates\/gruppo.php","meta":{"_acf_changed":false,"_seopress_robots_primary_cat":"","_seopress_titles_title":"Groupe Hausbrandt: Leader en Services Logistiques","_seopress_titles_desc":"D\u00e9couvrez Groupe Hausbrandt, leader en innovation technologique et r\u00e9alit\u00e9 virtuelle. Explorez nos solutions sur mesure pour booster votre entreprise.","_seopress_robots_index":"","footnotes":""},"class_list":["post-1713","page","type-page","status-publish","has-post-thumbnail","hentry"],"acf":[],"_links":{"self":[{"href":"https:\/\/www.gruppohausbrandt.it\/fr\/wp-json\/wp\/v2\/pages\/1713","targetHints":{"allow":["GET"]}}],"collection":[{"href":"https:\/\/www.gruppohausbrandt.it\/fr\/wp-json\/wp\/v2\/pages"}],"about":[{"href":"https:\/\/www.gruppohausbrandt.it\/fr\/wp-json\/wp\/v2\/types\/page"}],"author":[{"embeddable":true,"href":"https:\/\/www.gruppohausbrandt.it\/fr\/wp-json\/wp\/v2\/users\/1"}],"replies":[{"embeddable":true,"href":"https:\/\/www.gruppohausbrandt.it\/fr\/wp-json\/wp\/v2\/comments?post=1713"}],"version-history":[{"count":9,"href":"https:\/\/www.gruppohausbrandt.it\/fr\/wp-json\/wp\/v2\/pages\/1713\/revisions"}],"predecessor-version":[{"id":2864,"href":"https:\/\/www.gruppohausbrandt.it\/fr\/wp-json\/wp\/v2\/pages\/1713\/revisions\/2864"}],"wp:featuredmedia":[{"embeddable":true,"href":"https:\/\/www.gruppohausbrandt.it\/fr\/wp-json\/wp\/v2\/media\/1714"}],"wp:attachment":[{"href":"https:\/\/www.gruppohausbrandt.it\/fr\/wp-json\/wp\/v2\/media?parent=1713"}],"curies":[{"name":"wp","href":"https:\/\/api.w.org\/{rel}","templated":true}]}}