{"id":1720,"date":"2024-12-13T14:26:39","date_gmt":"2024-12-13T14:26:39","guid":{"rendered":"https:\/\/www.gruppohausbrandt.it\/fondazione-hausbrandt\/"},"modified":"2025-06-18T09:41:35","modified_gmt":"2025-06-18T09:41:35","slug":"fondation-hausbrandt","status":"publish","type":"page","link":"https:\/\/www.gruppohausbrandt.it\/fr\/fondation-hausbrandt\/","title":{"rendered":"Fondation Hausbrandt"},"content":{"rendered":"","protected":false},"excerpt":{"rendered":"","protected":false},"author":1,"featured_media":1722,"parent":0,"menu_order":0,"comment_status":"closed","ping_status":"closed","template":"templates\/fondazione.php","meta":{"_acf_changed":false,"_seopress_robots_primary_cat":"","_seopress_titles_title":"Fondation Hausbrandt: Savoir-faire & Innovation","_seopress_titles_desc":"D\u00e9couvrez la Fondation Hausbrandt, un acteur cl\u00e9 dans le soutien et la promotion de la culture \u00e0 travers divers projets et initiatives.","_seopress_robots_index":"","footnotes":""},"class_list":["post-1720","page","type-page","status-publish","has-post-thumbnail","hentry"],"acf":[],"_links":{"self":[{"href":"https:\/\/www.gruppohausbrandt.it\/fr\/wp-json\/wp\/v2\/pages\/1720","targetHints":{"allow":["GET"]}}],"collection":[{"href":"https:\/\/www.gruppohausbrandt.it\/fr\/wp-json\/wp\/v2\/pages"}],"about":[{"href":"https:\/\/www.gruppohausbrandt.it\/fr\/wp-json\/wp\/v2\/types\/page"}],"author":[{"embeddable":true,"href":"https:\/\/www.gruppohausbrandt.it\/fr\/wp-json\/wp\/v2\/users\/1"}],"replies":[{"embeddable":true,"href":"https:\/\/www.gruppohausbrandt.it\/fr\/wp-json\/wp\/v2\/comments?post=1720"}],"version-history":[{"count":3,"href":"https:\/\/www.gruppohausbrandt.it\/fr\/wp-json\/wp\/v2\/pages\/1720\/revisions"}],"predecessor-version":[{"id":2773,"href":"https:\/\/www.gruppohausbrandt.it\/fr\/wp-json\/wp\/v2\/pages\/1720\/revisions\/2773"}],"wp:featuredmedia":[{"embeddable":true,"href":"https:\/\/www.gruppohausbrandt.it\/fr\/wp-json\/wp\/v2\/media\/1722"}],"wp:attachment":[{"href":"https:\/\/www.gruppohausbrandt.it\/fr\/wp-json\/wp\/v2\/media?parent=1720"}],"curies":[{"name":"wp","href":"https:\/\/api.w.org\/{rel}","templated":true}]}}