{"id":1731,"date":"2024-12-13T14:15:09","date_gmt":"2024-12-13T14:15:09","guid":{"rendered":"https:\/\/www.gruppohausbrandt.it\/qualita-e-costanza\/"},"modified":"2025-06-18T09:45:41","modified_gmt":"2025-06-18T09:45:41","slug":"qualite-et-constance","status":"publish","type":"page","link":"https:\/\/www.gruppohausbrandt.it\/fr\/qualite-et-constance\/","title":{"rendered":"Qualit\u00e9 et constance"},"content":{"rendered":"","protected":false},"excerpt":{"rendered":"","protected":false},"author":1,"featured_media":1733,"parent":0,"menu_order":0,"comment_status":"closed","ping_status":"closed","template":"templates\/qualita-costanza.php","meta":{"_acf_changed":false,"_seopress_robots_primary_cat":"","_seopress_titles_title":"Qualit\u00e9 et constance chez Groupe Hausbrandt","_seopress_titles_desc":"D\u00e9couvrez la Qualit\u00e0 par le Groupe Hausbrandt: une constance in\u00e9gal\u00e9e en caf\u00e9 et hospitalit\u00e9. Savourez l'excellence italienne.","_seopress_robots_index":"","footnotes":""},"class_list":["post-1731","page","type-page","status-publish","has-post-thumbnail","hentry"],"acf":[],"_links":{"self":[{"href":"https:\/\/www.gruppohausbrandt.it\/fr\/wp-json\/wp\/v2\/pages\/1731","targetHints":{"allow":["GET"]}}],"collection":[{"href":"https:\/\/www.gruppohausbrandt.it\/fr\/wp-json\/wp\/v2\/pages"}],"about":[{"href":"https:\/\/www.gruppohausbrandt.it\/fr\/wp-json\/wp\/v2\/types\/page"}],"author":[{"embeddable":true,"href":"https:\/\/www.gruppohausbrandt.it\/fr\/wp-json\/wp\/v2\/users\/1"}],"replies":[{"embeddable":true,"href":"https:\/\/www.gruppohausbrandt.it\/fr\/wp-json\/wp\/v2\/comments?post=1731"}],"version-history":[{"count":3,"href":"https:\/\/www.gruppohausbrandt.it\/fr\/wp-json\/wp\/v2\/pages\/1731\/revisions"}],"predecessor-version":[{"id":2781,"href":"https:\/\/www.gruppohausbrandt.it\/fr\/wp-json\/wp\/v2\/pages\/1731\/revisions\/2781"}],"wp:featuredmedia":[{"embeddable":true,"href":"https:\/\/www.gruppohausbrandt.it\/fr\/wp-json\/wp\/v2\/media\/1733"}],"wp:attachment":[{"href":"https:\/\/www.gruppohausbrandt.it\/fr\/wp-json\/wp\/v2\/media?parent=1731"}],"curies":[{"name":"wp","href":"https:\/\/api.w.org\/{rel}","templated":true}]}}