{"id":1734,"date":"2024-12-13T09:38:56","date_gmt":"2024-12-13T08:38:56","guid":{"rendered":"https:\/\/www.gruppohausbrandt.it\/sostenibilita\/"},"modified":"2025-06-18T13:17:10","modified_gmt":"2025-06-18T13:17:10","slug":"durabilite","status":"publish","type":"page","link":"https:\/\/www.gruppohausbrandt.it\/fr\/durabilite\/","title":{"rendered":"Durabilit\u00e9"},"content":{"rendered":"","protected":false},"excerpt":{"rendered":"","protected":false},"author":1,"featured_media":0,"parent":0,"menu_order":0,"comment_status":"closed","ping_status":"closed","template":"templates\/sostenibilita.php","meta":{"_acf_changed":false,"_seopress_robots_primary_cat":"","_seopress_titles_title":"Groupe Hausbrandt Durabilit\u00e9: Engagez-vous pour un avenir durable","_seopress_titles_desc":"D\u00e9couvrez comment Groupe Hausbrandt int\u00e8gre la durabilit\u00e9 dans chaque projet pour un avenir plus vert.","_seopress_robots_index":"","footnotes":""},"class_list":["post-1734","page","type-page","status-publish","hentry"],"acf":[],"_links":{"self":[{"href":"https:\/\/www.gruppohausbrandt.it\/fr\/wp-json\/wp\/v2\/pages\/1734","targetHints":{"allow":["GET"]}}],"collection":[{"href":"https:\/\/www.gruppohausbrandt.it\/fr\/wp-json\/wp\/v2\/pages"}],"about":[{"href":"https:\/\/www.gruppohausbrandt.it\/fr\/wp-json\/wp\/v2\/types\/page"}],"author":[{"embeddable":true,"href":"https:\/\/www.gruppohausbrandt.it\/fr\/wp-json\/wp\/v2\/users\/1"}],"replies":[{"embeddable":true,"href":"https:\/\/www.gruppohausbrandt.it\/fr\/wp-json\/wp\/v2\/comments?post=1734"}],"version-history":[{"count":7,"href":"https:\/\/www.gruppohausbrandt.it\/fr\/wp-json\/wp\/v2\/pages\/1734\/revisions"}],"predecessor-version":[{"id":2808,"href":"https:\/\/www.gruppohausbrandt.it\/fr\/wp-json\/wp\/v2\/pages\/1734\/revisions\/2808"}],"wp:attachment":[{"href":"https:\/\/www.gruppohausbrandt.it\/fr\/wp-json\/wp\/v2\/media?parent=1734"}],"curies":[{"name":"wp","href":"https:\/\/api.w.org\/{rel}","templated":true}]}}